{"id":14913,"date":"1970-01-01T00:00:00","date_gmt":"1970-01-01T00:00:00","guid":{"rendered":"https:\/\/ypjrojava.net\/?page_id=14913"},"modified":"2026-03-16T11:15:39","modified_gmt":"2026-03-16T11:15:39","slug":"sehiden-me","status":"publish","type":"page","link":"https:\/\/ypjrojava.net\/?page_id=14913","title":{"rendered":"\u015eEH\u00ceD\u00caN ME"},"content":{"rendered":"<div class=\"wpb-content-wrapper\"><div id=\"tdi_1\" class=\"tdc-row\"><div class=\"vc_row vc_custom_1658568499915 tdi_2  wpb_row td-pb-row\" >\n<style scoped>\n\/* custom css - generated by TagDiv Composer *\/\n\n\/* tdc_composer_block - inline css att *\/\n.vc_custom_1658568499915{background-color: #3f4b41 !important;}\n\/* custom css - generated by TagDiv Composer *\/\n.tdi_2,\r\n                .tdi_2 .tdc-columns{\r\n                    min-height: 0;\r\n                }.tdi_2,\r\n\t\t\t\t.tdi_2 .tdc-columns{\r\n\t\t\t\t    display: block;\r\n\t\t\t\t}.tdi_2 .tdc-columns{\r\n\t\t\t\t    width: 100%;\r\n\t\t\t\t}.tdi_2:before,\r\n\t\t\t\t.tdi_2:after{\r\n\t\t\t\t    display: table;\r\n\t\t\t\t}\n<\/style><div class=\"vc_column tdi_4  wpb_column vc_column_container tdc-column td-pb-span12\">\n<style scoped>\n\/* custom css - generated by TagDiv Composer *\/\n\n\/* custom css - generated by TagDiv Composer *\/\n.tdi_4{\r\n                    vertical-align: baseline;\r\n                }.tdi_4 > .wpb_wrapper,\r\n\t\t\t\t.tdi_4 > .wpb_wrapper > .tdc-elements{\r\n\t\t\t\t    display: block;\r\n\t\t\t\t}.tdi_4 > .wpb_wrapper > .tdc-elements{\r\n\t\t\t\t    width: 100%;\r\n\t\t\t\t}.tdi_4 > .wpb_wrapper > .vc_row_inner{\r\n\t\t\t\t    width: auto;\r\n\t\t\t\t}.tdi_4 > .wpb_wrapper{\r\n\t\t\t\t    width: auto;\r\n\t\t\t\t    height: auto;\r\n\t\t\t\t}\n<\/style><div class=\"wpb_wrapper\" ><div class=\"wpb_wrapper td_block_empty_space td_block_wrap vc_empty_space tdi_6 \"  style=\"height: 55px\"><\/div><div class=\"wpb_wrapper td_block_empty_space td_block_wrap vc_empty_space tdi_8 \"  style=\"height: 55px\"><\/div><\/div><\/div><\/div><\/div><div id=\"tdi_9\" class=\"tdc-row\"><div class=\"vc_row vc_custom_1658568481961 tdi_10  wpb_row td-pb-row\" >\n<style scoped>\n\/* custom css - generated by TagDiv Composer *\/\n\n\/* tdc_composer_block - inline css att *\/\n.vc_custom_1658568481961{background-color: #3f4b41 !important;}\n\/* custom css - generated by TagDiv Composer *\/\n.tdi_10,\r\n                .tdi_10 .tdc-columns{\r\n                    min-height: 0;\r\n                }.tdi_10,\r\n\t\t\t\t.tdi_10 .tdc-columns{\r\n\t\t\t\t    display: block;\r\n\t\t\t\t}.tdi_10 .tdc-columns{\r\n\t\t\t\t    width: 100%;\r\n\t\t\t\t}.tdi_10:before,\r\n\t\t\t\t.tdi_10:after{\r\n\t\t\t\t    display: table;\r\n\t\t\t\t}\n<\/style><div class=\"vc_column vc_custom_1658568467547 tdi_12  wpb_column vc_column_container tdc-column td-pb-span6\">\n<style scoped>\n\/* custom css - generated by TagDiv Composer *\/\n\n\/* tdc_composer_block - inline css att *\/\n.vc_custom_1658568467547{background-color: #3f4b41 !important;}\n\/* custom css - generated by TagDiv Composer *\/\n.tdi_12{\r\n                    vertical-align: baseline;\r\n                }.tdi_12 > .wpb_wrapper,\r\n\t\t\t\t.tdi_12 > .wpb_wrapper > .tdc-elements{\r\n\t\t\t\t    display: block;\r\n\t\t\t\t}.tdi_12 > .wpb_wrapper > .tdc-elements{\r\n\t\t\t\t    width: 100%;\r\n\t\t\t\t}.tdi_12 > .wpb_wrapper > .vc_row_inner{\r\n\t\t\t\t    width: auto;\r\n\t\t\t\t}.tdi_12 > .wpb_wrapper{\r\n\t\t\t\t    width: auto;\r\n\t\t\t\t    height: auto;\r\n\t\t\t\t}\n<\/style><div class=\"wpb_wrapper\" >[vc_btn title=&#8221;\u015eEH\u00ceD\u00caN 2013&#8243; style=&#8221;3d&#8221; shape=&#8221;square&#8221; color=&#8221;mulled-wine&#8221; size=&#8221;lg&#8221; align=&#8221;center&#8221; button_block=&#8221;true&#8221; link=&#8221;url:https%3A%2F%2Fypjrojava.net%2F%3Fcat%3D51&#8243;][vc_btn title=&#8221;\u015eEH\u00ceD\u00caN 2014&#8243; style=&#8221;3d&#8221; shape=&#8221;square&#8221; color=&#8221;mulled-wine&#8221; size=&#8221;lg&#8221; align=&#8221;center&#8221; button_block=&#8221;true&#8221; link=&#8221;url:https%3A%2F%2Fypjrojava.net%2F%3Fcat%3D52&#8243;][vc_btn title=&#8221;\u015eEH\u00ceD\u00caN 2015&#8243; style=&#8221;3d&#8221; shape=&#8221;square&#8221; color=&#8221;mulled-wine&#8221; size=&#8221;lg&#8221; align=&#8221;center&#8221; button_block=&#8221;true&#8221; link=&#8221;url:https%3A%2F%2Fypjrojava.net%2F%3Fcat%3D53&#8243;][vc_btn title=&#8221;\u015eEH\u00ceD\u00caN 2016&#8243; style=&#8221;3d&#8221; shape=&#8221;square&#8221; color=&#8221;mulled-wine&#8221; size=&#8221;lg&#8221; align=&#8221;center&#8221; button_block=&#8221;true&#8221; link=&#8221;url:https%3A%2F%2Fypjrojava.net%2F%3Fcat%3D54&#8243;][vc_btn title=&#8221;\u015eEH\u00ceD\u00caN 2017&#8243; style=&#8221;3d&#8221; shape=&#8221;square&#8221; color=&#8221;mulled-wine&#8221; size=&#8221;lg&#8221; align=&#8221;center&#8221; button_block=&#8221;true&#8221; link=&#8221;url:https%3A%2F%2Fypjrojava.net%2F%3Fcat%3D55&#8243;][vc_btn title=&#8221;\u015eEH\u00ceD\u00caN 2023&#8243; style=&#8221;3d&#8221; shape=&#8221;square&#8221; color=&#8221;mulled-wine&#8221; size=&#8221;lg&#8221; align=&#8221;center&#8221; button_block=&#8221;true&#8221; link=&#8221;url:https%3A%2F%2Fypjrojava.net%2F%3Fcat%3D68&#8243;][vc_btn title=&#8221;\u015eEH\u00ceD\u00caN 2025&#8243; style=&#8221;3d&#8221; shape=&#8221;square&#8221; color=&#8221;mulled-wine&#8221; size=&#8221;lg&#8221; align=&#8221;center&#8221; css=&#8221;&#8221; button_block=&#8221;true&#8221; link=&#8221;url:https%3A%2F%2Fypjrojava.net%2F%3Fcat%3D112&#8243;]<\/div><\/div><div class=\"vc_column vc_custom_1658568475771 tdi_14  wpb_column vc_column_container tdc-column td-pb-span6\">\n<style scoped>\n\/* custom css - generated by TagDiv Composer *\/\n\n\/* tdc_composer_block - inline css att *\/\n.vc_custom_1658568475771{background-color: #3f4b41 !important;}\n\/* custom css - generated by TagDiv Composer *\/\n.tdi_14{\r\n                    vertical-align: baseline;\r\n                }.tdi_14 > .wpb_wrapper,\r\n\t\t\t\t.tdi_14 > .wpb_wrapper > .tdc-elements{\r\n\t\t\t\t    display: block;\r\n\t\t\t\t}.tdi_14 > .wpb_wrapper > .tdc-elements{\r\n\t\t\t\t    width: 100%;\r\n\t\t\t\t}.tdi_14 > .wpb_wrapper > .vc_row_inner{\r\n\t\t\t\t    width: auto;\r\n\t\t\t\t}.tdi_14 > .wpb_wrapper{\r\n\t\t\t\t    width: auto;\r\n\t\t\t\t    height: auto;\r\n\t\t\t\t}\n<\/style><div class=\"wpb_wrapper\" >[vc_btn title=&#8221;\u015eEH\u00ceD\u00caN 2018&#8243; style=&#8221;3d&#8221; shape=&#8221;square&#8221; color=&#8221;mulled-wine&#8221; size=&#8221;lg&#8221; align=&#8221;center&#8221; button_block=&#8221;true&#8221; link=&#8221;url:https%3A%2F%2Fypjrojava.net%2F%3Fcat%3D56&#8243;][vc_btn title=&#8221;\u015eEH\u00ceD\u00caN 2019&#8243; style=&#8221;3d&#8221; shape=&#8221;square&#8221; color=&#8221;mulled-wine&#8221; size=&#8221;lg&#8221; align=&#8221;center&#8221; button_block=&#8221;true&#8221; link=&#8221;url:https%3A%2F%2Fypjrojava.net%2F%3Fcat%3D57&#8243;][vc_btn title=&#8221;\u015eEH\u00ceD\u00caN 2020&#8243; style=&#8221;3d&#8221; shape=&#8221;square&#8221; color=&#8221;mulled-wine&#8221; size=&#8221;lg&#8221; align=&#8221;center&#8221; button_block=&#8221;true&#8221; link=&#8221;url:https%3A%2F%2Fypjrojava.net%2F%3Fcat%3D63&#8243;][vc_btn title=&#8221;\u015eEH\u00ceD\u00caN 2021&#8243; style=&#8221;3d&#8221; shape=&#8221;square&#8221; color=&#8221;mulled-wine&#8221; size=&#8221;lg&#8221; align=&#8221;center&#8221; button_block=&#8221;true&#8221; link=&#8221;url:https%3A%2F%2Fypjrojava.net%2F%3Fcat%3D66&#8243;][vc_btn title=&#8221;\u015eEH\u00ceD\u00caN 2022&#8243; style=&#8221;3d&#8221; shape=&#8221;square&#8221; color=&#8221;mulled-wine&#8221; size=&#8221;lg&#8221; align=&#8221;center&#8221; button_block=&#8221;true&#8221; link=&#8221;url:https%3A%2F%2Fypjrojava.net%2F%3Fcat%3D67&#8243;][vc_btn title=&#8221;\u015eEH\u00ceD\u00caN 2024&#8243; style=&#8221;3d&#8221; shape=&#8221;square&#8221; color=&#8221;mulled-wine&#8221; size=&#8221;lg&#8221; align=&#8221;center&#8221; button_block=&#8221;true&#8221; link=&#8221;url:https%3A%2F%2Fypjrojava.net%2F%3Fcat%3D99&#8243;][vc_btn title=&#8221;\u015eEH\u00ceD\u00caN 2026&#8243; style=&#8221;3d&#8221; shape=&#8221;square&#8221; color=&#8221;mulled-wine&#8221; size=&#8221;lg&#8221; align=&#8221;center&#8221; css=&#8221;&#8221; button_block=&#8221;true&#8221; link=&#8221;url:https%3A%2F%2Fypjrojava.net%2F%3Fcat%3D103&#8243;]<\/div><\/div><\/div><\/div><div id=\"tdi_15\" class=\"tdc-row\"><div class=\"vc_row tdi_16  wpb_row td-pb-row\" >\n<style scoped>\n\/* custom css - generated by TagDiv Composer *\/\n\n\/* custom css - generated by TagDiv Composer *\/\n.tdi_16,\r\n                .tdi_16 .tdc-columns{\r\n                    min-height: 0;\r\n                }.tdi_16,\r\n\t\t\t\t.tdi_16 .tdc-columns{\r\n\t\t\t\t    display: block;\r\n\t\t\t\t}.tdi_16 .tdc-columns{\r\n\t\t\t\t    width: 100%;\r\n\t\t\t\t}.tdi_16:before,\r\n\t\t\t\t.tdi_16:after{\r\n\t\t\t\t    display: table;\r\n\t\t\t\t}\n<\/style><div class=\"vc_column tdi_18  wpb_column vc_column_container tdc-column td-pb-span6\">\n<style scoped>\n\/* custom css - generated by TagDiv Composer *\/\n\n\/* custom css - generated by TagDiv Composer *\/\n.tdi_18{\r\n                    vertical-align: baseline;\r\n                }.tdi_18 > .wpb_wrapper,\r\n\t\t\t\t.tdi_18 > .wpb_wrapper > .tdc-elements{\r\n\t\t\t\t    display: block;\r\n\t\t\t\t}.tdi_18 > .wpb_wrapper > .tdc-elements{\r\n\t\t\t\t    width: 100%;\r\n\t\t\t\t}.tdi_18 > .wpb_wrapper > .vc_row_inner{\r\n\t\t\t\t    width: auto;\r\n\t\t\t\t}.tdi_18 > .wpb_wrapper{\r\n\t\t\t\t    width: auto;\r\n\t\t\t\t    height: auto;\r\n\t\t\t\t}\n<\/style><div class=\"wpb_wrapper\" ><\/div><\/div><div class=\"vc_column tdi_20  wpb_column vc_column_container tdc-column td-pb-span6\">\n<style scoped>\n\/* custom css - generated by TagDiv Composer *\/\n\n\/* custom css - generated by TagDiv Composer *\/\n.tdi_20{\r\n                    vertical-align: baseline;\r\n                }.tdi_20 > .wpb_wrapper,\r\n\t\t\t\t.tdi_20 > .wpb_wrapper > .tdc-elements{\r\n\t\t\t\t    display: block;\r\n\t\t\t\t}.tdi_20 > .wpb_wrapper > .tdc-elements{\r\n\t\t\t\t    width: 100%;\r\n\t\t\t\t}.tdi_20 > .wpb_wrapper > .vc_row_inner{\r\n\t\t\t\t    width: auto;\r\n\t\t\t\t}.tdi_20 > .wpb_wrapper{\r\n\t\t\t\t    width: auto;\r\n\t\t\t\t    height: auto;\r\n\t\t\t\t}\n<\/style><div class=\"wpb_wrapper\" ><\/div><\/div><\/div><\/div><\/div>","protected":false},"excerpt":{"rendered":"[vc_btn title=\"\u015eEH\u00ceD\u00caN 2013\" style=\"3d\" shape=\"square\" color=\"mulled-wine\" size=\"lg\" align=\"center\" button_block=\"true\" link=\"url:https%3A%2F%2Fypjrojava.net%2F%3Fcat%3D51\"][vc_btn title=\"\u015eEH\u00ceD\u00caN 2014\" style=\"3d\" shape=\"square\" color=\"mulled-wine\" size=\"lg\" align=\"center\" button_block=\"true\" link=\"url:https%3A%2F%2Fypjrojava.net%2F%3Fcat%3D52\"][vc_btn title=\"\u015eEH\u00ceD\u00caN 2015\" style=\"3d\" shape=\"square\" color=\"mulled-wine\" size=\"lg\" align=\"center\" button_block=\"true\" link=\"url:https%3A%2F%2Fypjrojava.net%2F%3Fcat%3D53\"][vc_btn title=\"\u015eEH\u00ceD\u00caN 2016\" style=\"3d\" shape=\"square\" color=\"mulled-wine\" size=\"lg\" align=\"center\" button_block=\"true\" link=\"url:https%3A%2F%2Fypjrojava.net%2F%3Fcat%3D54\"][vc_btn title=\"\u015eEH\u00ceD\u00caN 2017\" style=\"3d\" shape=\"square\" color=\"mulled-wine\" size=\"lg\" align=\"center\" button_block=\"true\" link=\"url:https%3A%2F%2Fypjrojava.net%2F%3Fcat%3D55\"][vc_btn title=\"\u015eEH\u00ceD\u00caN 2023\" style=\"3d\" shape=\"square\" color=\"mulled-wine\" size=\"lg\" align=\"center\" button_block=\"true\" link=\"url:https%3A%2F%2Fypjrojava.net%2F%3Fcat%3D68\"][vc_btn [...]","protected":false},"author":1,"featured_media":0,"parent":0,"menu_order":0,"comment_status":"closed","ping_status":"closed","template":"","meta":{"footnotes":""},"class_list":["post-14913","page","type-page","status-publish"],"_links":{"self":[{"href":"https:\/\/ypjrojava.net\/index.php?rest_route=\/wp\/v2\/pages\/14913","targetHints":{"allow":["GET"]}}],"collection":[{"href":"https:\/\/ypjrojava.net\/index.php?rest_route=\/wp\/v2\/pages"}],"about":[{"href":"https:\/\/ypjrojava.net\/index.php?rest_route=\/wp\/v2\/types\/page"}],"author":[{"embeddable":true,"href":"https:\/\/ypjrojava.net\/index.php?rest_route=\/wp\/v2\/users\/1"}],"replies":[{"embeddable":true,"href":"https:\/\/ypjrojava.net\/index.php?rest_route=%2Fwp%2Fv2%2Fcomments&post=14913"}],"version-history":[{"count":12,"href":"https:\/\/ypjrojava.net\/index.php?rest_route=\/wp\/v2\/pages\/14913\/revisions"}],"predecessor-version":[{"id":21108,"href":"https:\/\/ypjrojava.net\/index.php?rest_route=\/wp\/v2\/pages\/14913\/revisions\/21108"}],"wp:attachment":[{"href":"https:\/\/ypjrojava.net\/index.php?rest_route=%2Fwp%2Fv2%2Fmedia&parent=14913"}],"curies":[{"name":"wp","href":"https:\/\/api.w.org\/{rel}","templated":true}]}}